{"id":25,"date":"2020-07-06T17:37:55","date_gmt":"2020-07-06T08:37:55","guid":{"rendered":"https:\/\/united-pay.net\/pt\/?page_id=25"},"modified":"2020-11-15T05:32:50","modified_gmt":"2020-11-14T20:32:50","slug":"support","status":"publish","type":"page","link":"https:\/\/united-pay.net\/pt\/support\/","title":{"rendered":"Fale conosco"},"content":{"rendered":"\n<div class=\"wp-block-group pg__sec py-0\"><div class=\"wp-block-group__inner-container\">\n<p class=\"has-text-align-center mb-4\">United Pay n\u00e3o faz atendimento por telefone.<br>Se tiver alguma d\u00favida, por favor preencha o formul\u00e1rio abaixo para entrar em contato conosco.<br>Responderemos o mais r\u00e1pido poss\u00edvel.<\/p>\n\n\n\n<div class=\"wp-block-group pg__sec__contact__form\"><div class=\"wp-block-group__inner-container\"><div role=\"form\" class=\"wpcf7\" id=\"wpcf7-f10-o1\" lang=\"ja\" dir=\"ltr\">\n<div class=\"screen-reader-response\"><p role=\"status\" aria-live=\"polite\" aria-atomic=\"true\"><\/p> <ul><\/ul><\/div>\n<form action=\"\/pt\/wp-json\/wp\/v2\/pages\/25#wpcf7-f10-o1\" method=\"post\" class=\"wpcf7-form init\" novalidate=\"novalidate\" data-status=\"init\">\n<div style=\"display: none;\">\n<input type=\"hidden\" name=\"_wpcf7\" value=\"10\" \/>\n<input type=\"hidden\" name=\"_wpcf7_version\" value=\"5.4.2\" \/>\n<input type=\"hidden\" name=\"_wpcf7_locale\" value=\"ja\" \/>\n<input type=\"hidden\" name=\"_wpcf7_unit_tag\" value=\"wpcf7-f10-o1\" \/>\n<input type=\"hidden\" name=\"_wpcf7_container_post\" value=\"0\" \/>\n<input type=\"hidden\" name=\"_wpcf7_posted_data_hash\" value=\"\" \/>\n<\/div>\n<div class=\"form-group\">\n<label>Conte\u00fado do questionamento<sup class=\"text-danger\">*<\/sup><\/label>\n<span class=\"wpcf7-form-control-wrap your-subject\"><select name=\"your-subject\" class=\"wpcf7-form-control wpcf7-select wpcf7-validates-as-required custom-select\" aria-required=\"true\" aria-invalid=\"false\"><option value=\"\">Por favor selecione seu questionamento<\/option><option value=\"Conta, questionamento geral\">Conta, questionamento geral<\/option><option value=\"Questionamentos sobre dep\u00f3sitos e retiradas\">Questionamentos sobre dep\u00f3sitos e retiradas<\/option><option value=\"Questionamento sobre comerciantes\">Questionamento sobre comerciantes<\/option><option value=\"Questionamentos sobre Agentes\">Questionamentos sobre Agentes<\/option><option value=\"Outros\">Outros<\/option><\/select><\/span>\n<\/div>\n<div class=\"form-group\">\n<label>Full name<sup class=\"text-danger\">*<\/sup><\/label>\n<span class=\"wpcf7-form-control-wrap your-name\"><input type=\"text\" name=\"your-name\" value=\"\" size=\"40\" class=\"wpcf7-form-control wpcf7-text wpcf7-validates-as-required form-control\" aria-required=\"true\" aria-invalid=\"false\" \/><\/span>\n<\/div>\n<div class=\"form-group\">\n<label>Email Address<sup class=\"text-danger\">*<\/sup><\/label>\n<span class=\"wpcf7-form-control-wrap your-email\"><input type=\"email\" name=\"your-email\" value=\"\" size=\"40\" class=\"wpcf7-form-control wpcf7-text wpcf7-email wpcf7-validates-as-required wpcf7-validates-as-email form-control\" aria-required=\"true\" aria-invalid=\"false\" \/><\/span>\n<\/div>\n<div class=\"form-group\">\n<label>Content<sup class=\"text-danger\">*<\/sup><\/label>\n<span class=\"wpcf7-form-control-wrap your-message\"><textarea name=\"your-message\" cols=\"40\" rows=\"10\" class=\"wpcf7-form-control wpcf7-textarea form-control\" aria-invalid=\"false\"><\/textarea><\/span>\n<\/div>\n<div class=\"form-group text-center\"><span class=\"wpcf7-form-control-wrap acceptance-432\"><span class=\"wpcf7-form-control wpcf7-acceptance\"><span class=\"wpcf7-list-item\"><label><input type=\"checkbox\" name=\"acceptance-432\" value=\"1\" aria-invalid=\"false\" \/><span class=\"wpcf7-list-item-label\">I agree to the privacy policy<\/span><\/label><\/span><\/span><\/span><div>\n<div class=\"form-group text-center\">\n<input type=\"submit\" value=\"Submit\" class=\"wpcf7-form-control wpcf7-submit btn btn-primary pg__btn\" \/>\n<\/div><div class=\"wpcf7-response-output\" aria-hidden=\"true\"><\/div><\/form><\/div>\n<\/div><\/div>\n<\/div><\/div>\n","protected":false},"excerpt":{"rendered":"<p>United Pay n\u00e3o faz atendimento por telefone.Se tiver alguma d\u00favida, por favor preencha o formul\u00e1rio abaixo para entrar em contato conosco.Responderemos o mais r\u00e1pido poss\u00edvel.<\/p>\n","protected":false},"author":2,"featured_media":0,"parent":0,"menu_order":100,"comment_status":"closed","ping_status":"closed","template":"","meta":[],"_links":{"self":[{"href":"https:\/\/united-pay.net\/pt\/wp-json\/wp\/v2\/pages\/25"}],"collection":[{"href":"https:\/\/united-pay.net\/pt\/wp-json\/wp\/v2\/pages"}],"about":[{"href":"https:\/\/united-pay.net\/pt\/wp-json\/wp\/v2\/types\/page"}],"author":[{"embeddable":true,"href":"https:\/\/united-pay.net\/pt\/wp-json\/wp\/v2\/users\/2"}],"replies":[{"embeddable":true,"href":"https:\/\/united-pay.net\/pt\/wp-json\/wp\/v2\/comments?post=25"}],"version-history":[{"count":1,"href":"https:\/\/united-pay.net\/pt\/wp-json\/wp\/v2\/pages\/25\/revisions"}],"predecessor-version":[{"id":2710,"href":"https:\/\/united-pay.net\/pt\/wp-json\/wp\/v2\/pages\/25\/revisions\/2710"}],"wp:attachment":[{"href":"https:\/\/united-pay.net\/pt\/wp-json\/wp\/v2\/media?parent=25"}],"curies":[{"name":"wp","href":"https:\/\/api.w.org\/{rel}","templated":true}]}}