{"id":17,"date":"2020-07-06T17:36:16","date_gmt":"2020-07-06T08:36:16","guid":{"rendered":"https:\/\/united-pay.net\/pt\/?page_id=17"},"modified":"2020-11-15T05:27:13","modified_gmt":"2020-11-14T20:27:13","slug":"card","status":"publish","type":"page","link":"https:\/\/united-pay.net\/pt\/card\/","title":{"rendered":"United Pay Card"},"content":{"rendered":"\n<div class=\"wp-block-group pg__sec pg__sec__card01\"><div class=\"wp-block-group__inner-container\"><div class=\"wp-bootstrap-blocks-container container mb-0\">\n\t\n\n<h3 class=\"has-text-align-center mb-4\">Quais s\u00e3o os <mark>caracter\u00edsticas do cart\u00e3o United Pay<\/mark>?<\/h3>\n\n\n<div class=\"wp-bootstrap-blocks-row row\">\n\t\n\n<div class=\"col-12 col-sm-6 col-md-4 mt-4\">\n\t\t\t\n\n<div class=\"wp-block-group border h-100 position-relative\"><div class=\"wp-block-group__inner-container\">\n<figure class=\"wp-block-image size-large pg__img__size__04 mx-auto mt-3 mb-2\"><img loading=\"lazy\" width=\"640\" height=\"640\" src=\"https:\/\/united-pay.net\/pt\/wp-content\/uploads\/2020\/09\/card001.png\" alt=\"\" class=\"wp-image-2528\" srcset=\"https:\/\/united-pay.net\/pt\/wp-content\/uploads\/2020\/09\/card001.png 640w, https:\/\/united-pay.net\/pt\/wp-content\/uploads\/2020\/09\/card001-320x320.png 320w\" sizes=\"(max-width: 640px) 100vw, 640px\" \/><\/figure>\n\n\n\n<p class=\"has-text-align-center pg__as__ribbon\">Seguran\u00e7a<\/p>\n\n\n\n<div class=\"wp-block-group py-3 px-4\"><div class=\"wp-block-group__inner-container\">\n<p>\u00c9 seguro porque \u00e9 um cart\u00e3o de d\u00e9bito vinculado a sua conta banc\u00e1ria. Voc\u00ea pode tamb\u00e9m usar o gerenciamento de seus grandes fundos com confian\u00e7a.<\/p>\n<\/div><\/div>\n<\/div><\/div>\n\n\t<\/div>\n\n\n\n<div class=\"col-12 col-sm-6 col-md-4 mt-4\">\n\t\t\t\n\n<div class=\"wp-block-group border h-100 position-relative\"><div class=\"wp-block-group__inner-container\">\n<figure class=\"wp-block-image size-large pg__img__size__04 mx-auto mt-3 mb-2\"><img loading=\"lazy\" width=\"640\" height=\"640\" src=\"https:\/\/united-pay.net\/pt\/wp-content\/uploads\/2020\/09\/top003.png\" alt=\"\" class=\"wp-image-2471\" srcset=\"https:\/\/united-pay.net\/pt\/wp-content\/uploads\/2020\/09\/top003.png 640w, https:\/\/united-pay.net\/pt\/wp-content\/uploads\/2020\/09\/top003-320x320.png 320w\" sizes=\"(max-width: 640px) 100vw, 640px\" \/><\/figure>\n\n\n\n<p class=\"has-text-align-center pg__as__ribbon\">Alta velocidade<\/p>\n\n\n\n<div class=\"wp-block-group py-3 px-4\"><div class=\"wp-block-group__inner-container\">\n<p>As transfer\u00eancias entre contas United Pay s\u00e3o feitas instantaneamente e voc\u00ea pode facilmente cobrar o seu cart\u00e3o United Pay.<\/p>\n<\/div><\/div>\n<\/div><\/div>\n\n\t<\/div>\n\n\n\n<div class=\"col-12 col-sm-6 col-md-4 mt-4\">\n\t\t\t\n\n<div class=\"wp-block-group border h-100 position-relative\"><div class=\"wp-block-group__inner-container\">\n<figure class=\"wp-block-image size-large pg__img__size__04 mx-auto mt-3 mb-2\"><img loading=\"lazy\" width=\"640\" height=\"640\" src=\"https:\/\/united-pay.net\/pt\/wp-content\/uploads\/2020\/09\/top006.png\" alt=\"\" class=\"wp-image-2474\" srcset=\"https:\/\/united-pay.net\/pt\/wp-content\/uploads\/2020\/09\/top006.png 640w, https:\/\/united-pay.net\/pt\/wp-content\/uploads\/2020\/09\/top006-320x320.png 320w\" sizes=\"(max-width: 640px) 100vw, 640px\" \/><\/figure>\n\n\n\n<p class=\"has-text-align-center pg__as__ribbon\">Conveni\u00eancia<\/p>\n\n\n\n<div class=\"wp-block-group py-3 px-4\"><div class=\"wp-block-group__inner-container\">\n<p>O cart\u00e3o United Pay pode ser usado em qualquer ATM global e lojas online\/offline (member stores) ao redor do mundo. A taxa \u00e9 aplicada no momento da opera\u00e7\u00e3o para que n\u00e3o haja risco.<\/p>\n<\/div><\/div>\n<\/div><\/div>\n\n\t<\/div>\n\n<\/div>\n\n<\/div>\n<\/div><\/div>\n\n\n\n<div class=\"wp-block-group pg__sec pg__sec__card02 bg-light\"><div class=\"wp-block-group__inner-container\"><div class=\"wp-bootstrap-blocks-container container mb-0\">\n\t\n\n<h3 class=\"has-text-align-center mb-4\">Easy United Pay card <mark>charge<\/mark><\/h3>\n\n\n\n<p class=\"has-text-align-center mb-5\">O cart\u00e3o United Pay pode ser usado como cart\u00e3o de d\u00e9bito ap\u00f3s os fundos terem sido cobrados da conta United Pay para o cart\u00e3o United Pay.<br>Voc\u00ea pode solicitar uma cobran\u00e7a de fundos em Minha P\u00e1gina de forma r\u00e1pida e f\u00e1cil.<\/p>\n\n\n<div class=\"wp-bootstrap-blocks-row row justify-content-center\">\n\t\n\n<div class=\"col-12 col-md-3\">\n\t\t\t\n\n<figure class=\"wp-block-image size-large pg__img__size__01 mx-auto mb-2\"><img loading=\"lazy\" width=\"640\" height=\"640\" src=\"https:\/\/united-pay.net\/pt\/wp-content\/uploads\/2020\/07\/hanako.png\" alt=\"\" class=\"wp-image-1855\" srcset=\"https:\/\/united-pay.net\/pt\/wp-content\/uploads\/2020\/07\/hanako.png 640w, https:\/\/united-pay.net\/pt\/wp-content\/uploads\/2020\/07\/hanako-320x320.png 320w\" sizes=\"(max-width: 640px) 100vw, 640px\" \/><\/figure>\n\n\n\n<p class=\"has-text-align-center\">United Pay customers<br><mark>Charge<\/mark><\/p>\n\n\t<\/div>\n\n\n\n<div class=\"col-12 align-self-center col-md-auto\">\n\t\t\t\n<div class=\"pg__arr__dn d-flex flex-column flex-md-row align-items-center\">\r\n<div class=\"flex-grow-1\"><\/div>\r\n<div>\r\n<img class=\"d-block d-md-none\" src=\"https:\/\/united-pay.net\/pt\/wp-content\/uploads\/2020\/07\/arr_dn.svg\" alt=\"\" \/>\r\n<img class=\"d-none d-md-block\" src=\"https:\/\/united-pay.net\/pt\/wp-content\/uploads\/2020\/07\/arr_r.svg\" alt=\"\" \/>\r\n<\/div>\r\n<\/div>\r\n<!-- .pg__arr__dn  -->\n\n\t<\/div>\n\n\n\n<div class=\"col-12 col-md-3\">\n\t\t\t\n\n<figure class=\"wp-block-image size-large pg__img__size__01 mx-auto mb-2\"><img loading=\"lazy\" width=\"640\" height=\"640\" src=\"https:\/\/united-pay.net\/pt\/wp-content\/uploads\/2020\/09\/about013.png\" alt=\"\" class=\"wp-image-2522\" srcset=\"https:\/\/united-pay.net\/pt\/wp-content\/uploads\/2020\/09\/about013.png 640w, https:\/\/united-pay.net\/pt\/wp-content\/uploads\/2020\/09\/about013-320x320.png 320w\" sizes=\"(max-width: 640px) 100vw, 640px\" \/><\/figure>\n\n\n\n<p class=\"has-text-align-center\">United Pay \/ Bank<br><mark>Approval<\/mark><\/p>\n\n\t<\/div>\n\n\n\n<div class=\"col-12 align-self-center col-md-auto\">\n\t\t\t\n<div class=\"pg__arr__dn d-flex flex-column flex-md-row align-items-center\">\r\n<div class=\"flex-grow-1\"><\/div>\r\n<div>\r\n<img class=\"d-block d-md-none\" src=\"https:\/\/united-pay.net\/pt\/wp-content\/uploads\/2020\/07\/arr_dn.svg\" alt=\"\" \/>\r\n<img class=\"d-none d-md-block\" src=\"https:\/\/united-pay.net\/pt\/wp-content\/uploads\/2020\/07\/arr_r.svg\" alt=\"\" \/>\r\n<\/div>\r\n<\/div>\r\n<!-- .pg__arr__dn  -->\n\n\t<\/div>\n\n\n\n<div class=\"col-12 col-md-3\">\n\t\t\t\n\n<figure class=\"wp-block-image size-large pg__img__size__01 mx-auto mb-2\"><img loading=\"lazy\" width=\"640\" height=\"640\" src=\"https:\/\/united-pay.net\/pt\/wp-content\/uploads\/2020\/07\/hanako.png\" alt=\"\" class=\"wp-image-1855\" srcset=\"https:\/\/united-pay.net\/pt\/wp-content\/uploads\/2020\/07\/hanako.png 640w, https:\/\/united-pay.net\/pt\/wp-content\/uploads\/2020\/07\/hanako-320x320.png 320w\" sizes=\"(max-width: 640px) 100vw, 640px\" \/><\/figure>\n\n\n\n<p class=\"has-text-align-center\">United Pay customers<br><mark>Card use<\/mark><\/p>\n\n\t<\/div>\n\n<\/div>\n\n<\/div>\n<\/div><\/div>\n\n\n\n<div class=\"wp-block-group pg__sec pg__sec__card03\"><div class=\"wp-block-group__inner-container\"><div class=\"wp-bootstrap-blocks-container container mb-0\">\n\t\n\n<h3 class=\"has-text-align-center mb-4\"><mark>Solicitar um cart\u00e3o United Pay<\/mark> \u00e9 complicado?<\/h3>\n\n\n\n<p class=\"has-text-align-center\">\u00c9 f\u00e1cil porque ele \u00e9 vinculado quando voc\u00ea abre a sua conta United.<\/p>\n\n\n\n<p class=\"has-text-align-center\">*Os clientes s\u00e3o respons\u00e1veis por quaisquer custos adicionais ap\u00f3s o envio do cart\u00e3o United Pay, como taxas alfandeg\u00e1rias.<\/p>\n\n\n\n<figure class=\"wp-block-image size-large pg__img__size__01 mx-auto my-3\"><img loading=\"lazy\" width=\"640\" height=\"640\" src=\"https:\/\/united-pay.net\/pt\/wp-content\/uploads\/2020\/09\/about010.png\" alt=\"\" class=\"wp-image-2508\" srcset=\"https:\/\/united-pay.net\/pt\/wp-content\/uploads\/2020\/09\/about010.png 640w, https:\/\/united-pay.net\/pt\/wp-content\/uploads\/2020\/09\/about010-320x320.png 320w\" sizes=\"(max-width: 640px) 100vw, 640px\" \/><\/figure>\n\n\n\n<h6 class=\"has-text-align-center\"><strong>Documento de identidade emitido pelo governo<\/strong><\/h6>\n\n\n\n<p class=\"has-text-align-center\">Registro de Identidade, carteira de motorista, passaporte, etc.<\/p>\n\n\n\n<h5 class=\"has-text-align-center my-5\">O cart\u00e3o United Pay levar\u00e1 entre 3 a 12 semanas para ser entregue atrav\u00e9s do processo de triagem do banco.<\/h5>\n\n\n<div class=\"wp-bootstrap-blocks-row row justify-content-center\">\n\t\n\n<div class=\"col-12 mt-4 col-md-auto\">\n\t\t\t\n\n<figure class=\"wp-block-image size-large pg__img__size__01 mx-auto mb-2\"><img loading=\"lazy\" width=\"640\" height=\"640\" src=\"https:\/\/united-pay.net\/pt\/wp-content\/uploads\/2020\/07\/hanako.png\" alt=\"\" class=\"wp-image-1855\" srcset=\"https:\/\/united-pay.net\/pt\/wp-content\/uploads\/2020\/07\/hanako.png 640w, https:\/\/united-pay.net\/pt\/wp-content\/uploads\/2020\/07\/hanako-320x320.png 320w\" sizes=\"(max-width: 640px) 100vw, 640px\" \/><\/figure>\n\n\n\n<p class=\"has-text-align-center\">Clientes United Pay<br><mark>Card application (account opening)<\/mark><\/p>\n\n\t<\/div>\n\n\n\n<div class=\"col-12 col-md-auto align-self-center\">\n\t\t\t\n<div class=\"pg__arr__dn d-flex flex-column flex-md-row align-items-center\">\r\n<div class=\"flex-grow-1\"><\/div>\r\n<div>\r\n<img class=\"d-block d-md-none\" src=\"https:\/\/united-pay.net\/pt\/wp-content\/uploads\/2020\/07\/arr_dn.svg\" alt=\"\" \/>\r\n<img class=\"d-none d-md-block\" src=\"https:\/\/united-pay.net\/pt\/wp-content\/uploads\/2020\/07\/arr_r.svg\" alt=\"\" \/>\r\n<\/div>\r\n<\/div>\r\n<!-- .pg__arr__dn  -->\n\n\t<\/div>\n\n\n\n<div class=\"col-12 mt-4 col-md-auto\">\n\t\t\t\n\n<figure class=\"wp-block-image size-large pg__img__size__01 mx-auto mb-2\"><img loading=\"lazy\" width=\"640\" height=\"640\" src=\"https:\/\/united-pay.net\/pt\/wp-content\/uploads\/2020\/09\/about013.png\" alt=\"\" class=\"wp-image-2522\" srcset=\"https:\/\/united-pay.net\/pt\/wp-content\/uploads\/2020\/09\/about013.png 640w, https:\/\/united-pay.net\/pt\/wp-content\/uploads\/2020\/09\/about013-320x320.png 320w\" sizes=\"(max-width: 640px) 100vw, 640px\" \/><\/figure>\n\n\n\n<p class=\"has-text-align-center\">United Pay<br><mark>Screening<\/mark><\/p>\n\n\t<\/div>\n\n\n\n<div class=\"col-12 col-md-auto align-self-center\">\n\t\t\t\n<div class=\"pg__arr__dn d-flex flex-column flex-md-row align-items-center\">\r\n<div class=\"flex-grow-1\"><\/div>\r\n<div>\r\n<img class=\"d-block d-md-none\" src=\"https:\/\/united-pay.net\/pt\/wp-content\/uploads\/2020\/07\/arr_dn.svg\" alt=\"\" \/>\r\n<img class=\"d-none d-md-block\" src=\"https:\/\/united-pay.net\/pt\/wp-content\/uploads\/2020\/07\/arr_r.svg\" alt=\"\" \/>\r\n<\/div>\r\n<\/div>\r\n<!-- .pg__arr__dn  -->\n\n\t<\/div>\n\n\n\n<div class=\"col-12 mt-4 col-md-auto\">\n\t\t\t\n\n<figure class=\"wp-block-image size-large pg__img__size__01 mx-auto mb-2\"><img loading=\"lazy\" width=\"640\" height=\"640\" src=\"https:\/\/united-pay.net\/pt\/wp-content\/uploads\/2020\/09\/card000.png\" alt=\"\" class=\"wp-image-2533\" srcset=\"https:\/\/united-pay.net\/pt\/wp-content\/uploads\/2020\/09\/card000.png 640w, https:\/\/united-pay.net\/pt\/wp-content\/uploads\/2020\/09\/card000-320x320.png 320w\" sizes=\"(max-width: 640px) 100vw, 640px\" \/><\/figure>\n\n\n\n<p class=\"has-text-align-center\">Bank<br><mark>Review<\/mark><\/p>\n\n\t<\/div>\n\n\n\n<div class=\"col-12 col-md-auto align-self-center\">\n\t\t\t\n<div class=\"pg__arr__dn d-flex flex-column flex-md-row align-items-center\">\r\n<div class=\"flex-grow-1\"><\/div>\r\n<div>\r\n<img class=\"d-block d-md-none\" src=\"https:\/\/united-pay.net\/pt\/wp-content\/uploads\/2020\/07\/arr_dn.svg\" alt=\"\" \/>\r\n<img class=\"d-none d-md-block\" src=\"https:\/\/united-pay.net\/pt\/wp-content\/uploads\/2020\/07\/arr_r.svg\" alt=\"\" \/>\r\n<\/div>\r\n<\/div>\r\n<!-- .pg__arr__dn  -->\n\n\t<\/div>\n\n\n\n<div class=\"col-12 mt-4 col-md-auto\">\n\t\t\t\n\n<figure class=\"wp-block-image size-large pg__img__size__01 mx-auto mb-2\"><img loading=\"lazy\" width=\"640\" height=\"640\" src=\"https:\/\/united-pay.net\/pt\/wp-content\/uploads\/2020\/07\/hanako.png\" alt=\"\" class=\"wp-image-1855\" srcset=\"https:\/\/united-pay.net\/pt\/wp-content\/uploads\/2020\/07\/hanako.png 640w, https:\/\/united-pay.net\/pt\/wp-content\/uploads\/2020\/07\/hanako-320x320.png 320w\" sizes=\"(max-width: 640px) 100vw, 640px\" \/><\/figure>\n\n\n\n<p class=\"has-text-align-center\">United Pay customers<br><mark>Card receipt<\/mark><\/p>\n\n\t<\/div>\n\n<\/div>\n\n<\/div>\n<\/div><\/div>\n\n\n\n<div class=\"wp-block-group pg__sec pg__sec__card05 bg-light\"><div class=\"wp-block-group__inner-container\"><div class=\"wp-bootstrap-blocks-container container mb-2\">\n\t\n\n<h3 class=\"has-text-align-center mb-4\"><mark>Como cobrar<\/mark> meu cart\u00e3o de d\u00e9bito United Pay?<\/h3>\n\n\n\n<p class=\"has-text-align-center\">Voc\u00ea pode us\u00e1-lo ap\u00f3s receb\u00ea-lo e seguir os procedimentos de ativa\u00e7\u00e3o.<\/p>\n\n\n<div class=\"wp-bootstrap-blocks-row row\">\n\t\n\n<div class=\"col-12 col-sm-6 col-lg-4 mt-4 order-0\">\n\t\t\t\n\n<div class=\"wp-block-group pg__cart__step__01\"><div class=\"wp-block-group__inner-container\">\n<p class=\"has-text-align-center pg__card__step__no\">PASSO 1<\/p>\n\n\n\n<h6 class=\"has-text-align-center\"><strong>Ativa\u00e7\u00e3o do Carr\u00e3o<\/strong><\/h6>\n\n\n\n<p class=\"has-text-align-center\">Ao receber o cart\u00e3o, complete a <mark>activa\u00e7\u00e3o do cart\u00e3o <\/mark> no site United Pay.<\/p>\n<\/div><\/div>\n\n\t<\/div>\n\n\n\n<div class=\"col-12 col-sm-6 col-lg-4 mt-4 order-1\">\n\t\t\t\n\n<div class=\"wp-block-group pg__cart__step__02\"><div class=\"wp-block-group__inner-container\">\n<p class=\"has-text-align-center pg__card__step__no\">PASSO 2<\/p>\n\n\n\n<h6 class=\"has-text-align-center\"><strong>Carregar fundos<\/strong><\/h6>\n\n\n\n<p class=\"has-text-align-center\">Clique em &#8220;<mark>Charge<\/mark>&#8221; em &#8220;<mark>Banking<\/mark>&#8221; no site United Pay<br>informe o valor a ser carregado <br>(m\u00ednimo: $1 ou mais)<\/p>\n<\/div><\/div>\n\n\t<\/div>\n\n\n\n<div class=\"col-12 col-sm-6 col-lg-4 mt-4 order-2\">\n\t\t\t\n\n<div class=\"wp-block-group pg__cart__step__03\"><div class=\"wp-block-group__inner-container\">\n<p class=\"has-text-align-center pg__card__step__no\">PASSO 3<\/p>\n\n\n\n<h6 class=\"has-text-align-center\">Uso do cart\u00e3o<\/h6>\n\n\n\n<p class=\"has-text-align-center\">Utilize em ATMs e  com\u00e9rcio.<\/p>\n<\/div><\/div>\n\n\t<\/div>\n\n<\/div>\n\n<\/div>\n<\/div><\/div>\n\n\n\n<div class=\"wp-block-group pg__sec pg__sec__card06\"><div class=\"wp-block-group__inner-container\"><div class=\"wp-bootstrap-blocks-container container mb-2\">\n\t\n\n<h3 class=\"has-text-align-center mb-4\">Cart\u00e3o United Pay <mark>limites de uso e taxas<\/mark><\/h3>\n\n\n\n<p>Cart\u00e3o United Pay limites de uso<\/p>\n\n\n\n<figure class=\"table-responsive\"><table class=\"table\"><thead><tr><th><strong>Limites<\/strong><\/th><th><strong>Limit<\/strong>es retiradas<\/th><\/tr><\/thead><tbody><tr><td>Limite de uso di\u00e1rio<\/td><td>Ilimitado<\/td><\/tr><tr><td>Valor de liquida\u00e7\u00e3o no m\u00eas<\/td><td>Ilimitado<\/td><\/tr><tr><td>Limite de retirada no ATM por dia<\/td><td>USD 20,000 &#8211;<br><small>(O valor varia de acordo com o caixa elrtr\u00f4nico)<\/small><\/td><\/tr><tr><td>Limite de retirada no ATM por m\u00eas<\/td><td>USD 600,000 &#8211;<\/td><\/tr><\/tbody><\/table><\/figure>\n\n\n\n<p>Taxas<\/p>\n\n\n\n<figure class=\"table-responsive\"><table class=\"table\"><thead><tr><th><strong>Tipe de fundo <\/strong><\/th><th>Taxa de <strong>Transa\u00e7\u00e3o<\/strong><\/th><\/tr><\/thead><tbody><tr><td>Taxa de Dep\u00f3sito<\/td><td>Transfer\u00eancia Internacional de dinheiro: 1.0%<br>Remessa dom\u00e9stica: 0.5%<br>Bitcoin: 0.5%<br>USDT: 0.5% (* agendado para Outubro)<br><br><a href=\"https:\/\/united-pay.net\/pt\/fees\/\">Clique aqui para as \u00faltimas tarifas<\/a><\/td><\/tr><tr><td>Taxa Emiss\u00e3o do Cart\u00e3o<\/td><td>USD 480<br><small>(Taxa de envio cobrada separadamente.)<\/small><\/td><\/tr><tr><td>Valor do primeiro dep\u00f3sito<\/td><td>USD 300<\/td><\/tr><tr><td>Valor m\u00ednimo p\/transfer\u00eancia<\/td><td>USD 1<\/td><\/tr><tr><td>Taxa de manuseio de compra no exterior<\/td><td>1%<\/td><\/tr><tr><td>Taxa de retirada no ATM<\/td><td>1%<br><small>(A taxa de uso do caixa eletr\u00f4nico ser\u00e1 cobrada separadamente. <\/small> <small>Depende da \u00e1rea a ser retirada e do caixa eletr\u00f4nico utilizado.)<\/small><\/td><\/tr><tr><td>Taxa ades\u00e3o Membros<\/td><td>13 meses ap\u00f3s emiss\u00e3o do cart\u00e3o United Pay <br>USD 100 a cada ano<\/td><\/tr><tr><td>Confirma\u00e7\u00e3o de saldo atual<\/td><td>Online: Free<\/td><\/tr><tr><td>Taxa reemiss\u00e3o do cart\u00e3o<br>(Taxa de reemiss\u00e3o ap\u00f3s a expira\u00e7\u00e3o do per\u00edodo de validade)<\/td><td>USD 100<br><small>(Taxa de envio ser\u00e1 cobrada separadamente.)<\/small><\/td><\/tr><tr><td>Reemiss\u00e3o de PIN<br>(Personal Information Number)<\/td><td>USD 100<\/td><\/tr><\/tbody><\/table><\/figure>\n\n\n\n<div class=\"wp-block-group small\"><div class=\"wp-block-group__inner-container\">\n<p>*Tarifas do cart\u00e3o s\u00e3o determinadas por outra companhia.<\/p>\n\n\n\n<p>*Em rela\u00e7\u00e3o a reemiss\u00e3o do cart\u00e3o, por favor entre em contato conosco.<\/p>\n\n\n\n<p>*Os clientes s\u00e3o respons\u00e1veis por qualquer  custo incorrido ap\u00f3s o envio do cart\u00e3o United Pay, como tas alfandeg\u00e1rias.<\/p>\n<\/div><\/div>\n\n<\/div>\n<\/div><\/div>\n\n\n\n<div class=\"wp-block-group pg__sec pg__sec__card07 bg-light\"><div class=\"wp-block-group__inner-container\"><div class=\"wp-bootstrap-blocks-container container mb-2\">\n\t\n\n<h3 class=\"has-text-align-center mb-4\">Pa\u00edses proibidos<\/h3>\n\n\n\n<p class=\"has-text-align-center mb-4\">Nos seguintes pa\u00edses voc\u00ea n\u00e3o poder\u00e1 usar seu cart\u00e3o United Pay card, mesmo em uma viagem.<\/p>\n\n\n\n<figure class=\"table-responsive\"><table class=\"table\"><tbody><tr><td>Myanmar<\/td><td>Repu\u00fablica de Cote d&#8217;Ivoire<\/td><td>Rep\u00fablica Democr\u00e1tica do Congo<\/td><td>Rep\u00fablica Democratica das Pessoas da Korea<\/td><\/tr><tr><td>Rep\u00fablica Federal da Som\u00e1lia<\/td><td>Rep\u00fablica de Cuba<\/td><td>Estado  de Eritrea<\/td><td>Rep\u00fablica de Guinea<\/td><\/tr><tr><td>Rep\u00fablica \u00c1rabe S\u00edria<\/td><td>Rep\u00fablica de Zimbabwe<\/td><td>Rep\u00fablica Isl\u00e2mica do Iran<\/td><td>Rep\u00fablica do Iraque<\/td><\/tr><tr><td>Rep\u00fablica da Lib\u00e9ria<\/td><td><\/td><td><\/td><td><\/td><\/tr><\/tbody><\/table><\/figure>\n\n\n\n<div class=\"wp-block-buttons aligncenter\">\n<div class=\"wp-block-button\"><a class=\"wp-block-button__link has-dark-color has-primary-background-color has-text-color has-background\" href=\"https:\/\/united-pay.net\/pt\/faq\/\">FAQ<\/a><\/div>\n<\/div>\n\n<\/div>\n<\/div><\/div>\n","protected":false},"excerpt":{"rendered":"<p>Quais s\u00e3o os caracter\u00edsticas do cart\u00e3o United Pay? Seguran\u00e7a \u00c9 seguro porque \u00e9 um cart\u00e3o de d\u00e9bito vinculado a sua conta banc\u00e1ria. Voc\u00ea pode tamb\u00e9m usar o gerenciamento de seus grandes fundos com confian\u00e7a. Alta velocidade As transfer\u00eancias entre contas United Pay s\u00e3o feitas instantaneamente e voc\u00ea pode facilmente cobrar o seu cart\u00e3o United Pay.&hellip;<\/p>\n","protected":false},"author":2,"featured_media":0,"parent":0,"menu_order":50,"comment_status":"closed","ping_status":"closed","template":"page-fluid.php","meta":[],"_links":{"self":[{"href":"https:\/\/united-pay.net\/pt\/wp-json\/wp\/v2\/pages\/17"}],"collection":[{"href":"https:\/\/united-pay.net\/pt\/wp-json\/wp\/v2\/pages"}],"about":[{"href":"https:\/\/united-pay.net\/pt\/wp-json\/wp\/v2\/types\/page"}],"author":[{"embeddable":true,"href":"https:\/\/united-pay.net\/pt\/wp-json\/wp\/v2\/users\/2"}],"replies":[{"embeddable":true,"href":"https:\/\/united-pay.net\/pt\/wp-json\/wp\/v2\/comments?post=17"}],"version-history":[{"count":1,"href":"https:\/\/united-pay.net\/pt\/wp-json\/wp\/v2\/pages\/17\/revisions"}],"predecessor-version":[{"id":2708,"href":"https:\/\/united-pay.net\/pt\/wp-json\/wp\/v2\/pages\/17\/revisions\/2708"}],"wp:attachment":[{"href":"https:\/\/united-pay.net\/pt\/wp-json\/wp\/v2\/media?parent=17"}],"curies":[{"name":"wp","href":"https:\/\/api.w.org\/{rel}","templated":true}]}}