{"id":15,"date":"2020-07-06T17:35:57","date_gmt":"2020-07-06T08:35:57","guid":{"rendered":"https:\/\/united-pay.net\/pt\/?page_id=15"},"modified":"2020-11-15T04:17:11","modified_gmt":"2020-11-14T19:17:11","slug":"merchant","status":"publish","type":"page","link":"https:\/\/united-pay.net\/pt\/merchant\/","title":{"rendered":"Member Merchants"},"content":{"rendered":"\n<div class=\"wp-block-group pg__sec pg__sec__merchant02\"><div class=\"wp-block-group__inner-container\"><div class=\"wp-bootstrap-blocks-container container mb-0\">\n\t\n<div class=\"wp-bootstrap-blocks-row row\">\n\t\n\n<div class=\"col-12 col-md-6 mb-4\">\n\t\t\t\n\n<div class=\"wp-block-group border pg__media rounded-lg\"><div class=\"wp-block-group__inner-container\">\n<figure class=\"wp-block-image size-large p-3\"><img loading=\"lazy\" width=\"640\" height=\"640\" src=\"https:\/\/united-pay.net\/pt\/wp-content\/uploads\/2020\/09\/merchant001.png\" alt=\"\" class=\"wp-image-2568\" srcset=\"https:\/\/united-pay.net\/pt\/wp-content\/uploads\/2020\/09\/merchant001.png 640w, https:\/\/united-pay.net\/pt\/wp-content\/uploads\/2020\/09\/merchant001-320x320.png 320w\" sizes=\"(max-width: 640px) 100vw, 640px\" \/><\/figure>\n\n\n\n<div class=\"wp-block-group p-3\"><div class=\"wp-block-group__inner-container\">\n<p class=\"mb-0\">Fornecimento de cart\u00f5es de d\u00e9bito e servi\u00e7os abrangentes que podem ser usados em todo o mundo pelos clientes United Pay<\/p>\n<\/div><\/div>\n<\/div><\/div>\n\n\t<\/div>\n\n\n\n<div class=\"col-12 col-md-6 mb-4\">\n\t\t\t\n\n<div class=\"wp-block-group border pg__media rounded-lg\"><div class=\"wp-block-group__inner-container\">\n<figure class=\"wp-block-image size-large p-3\"><img loading=\"lazy\" width=\"640\" height=\"640\" src=\"https:\/\/united-pay.net\/pt\/wp-content\/uploads\/2020\/09\/merchant002.png\" alt=\"\" class=\"wp-image-2562\" srcset=\"https:\/\/united-pay.net\/pt\/wp-content\/uploads\/2020\/09\/merchant002.png 640w, https:\/\/united-pay.net\/pt\/wp-content\/uploads\/2020\/09\/merchant002-320x320.png 320w\" sizes=\"(max-width: 640px) 100vw, 640px\" \/><\/figure>\n\n\n\n<div class=\"wp-block-group p-3\"><div class=\"wp-block-group__inner-container\">\n<p class=\"mb-0\">V\u00e1rias formas de dep\u00f3sito e taxas razo\u00e1veis.<br>Deposite na  United Pay com taxas m\u00ednimas usando VISA\/MasterCard e Bitcoin<\/p>\n<\/div><\/div>\n<\/div><\/div>\n\n\t<\/div>\n\n\n\n<div class=\"col-12 col-md-6 mb-4\">\n\t\t\t\n\n<div class=\"wp-block-group border pg__media rounded-lg\"><div class=\"wp-block-group__inner-container\">\n<figure class=\"wp-block-image size-large p-3\"><img loading=\"lazy\" width=\"640\" height=\"640\" src=\"https:\/\/united-pay.net\/pt\/wp-content\/uploads\/2020\/09\/merchant003.png\" alt=\"\" class=\"wp-image-2563\" srcset=\"https:\/\/united-pay.net\/pt\/wp-content\/uploads\/2020\/09\/merchant003.png 640w, https:\/\/united-pay.net\/pt\/wp-content\/uploads\/2020\/09\/merchant003-320x320.png 320w\" sizes=\"(max-width: 640px) 100vw, 640px\" \/><\/figure>\n\n\n\n<div class=\"wp-block-group p-3\"><div class=\"wp-block-group__inner-container\">\n<p class=\"mb-0\">Fornecimento de API conveniente e documentos de desenvolvimento f\u00e1ceis de usar<\/p>\n<\/div><\/div>\n<\/div><\/div>\n\n\t<\/div>\n\n\n\n<div class=\"col-12 col-md-6 mb-4\">\n\t\t\t\n\n<div class=\"wp-block-group border pg__media rounded-lg\"><div class=\"wp-block-group__inner-container\">\n<figure class=\"wp-block-image size-large p-3\"><img loading=\"lazy\" width=\"640\" height=\"640\" src=\"https:\/\/united-pay.net\/pt\/wp-content\/uploads\/2020\/09\/merchant004.png\" alt=\"\" class=\"wp-image-2564\" srcset=\"https:\/\/united-pay.net\/pt\/wp-content\/uploads\/2020\/09\/merchant004.png 640w, https:\/\/united-pay.net\/pt\/wp-content\/uploads\/2020\/09\/merchant004-320x320.png 320w\" sizes=\"(max-width: 640px) 100vw, 640px\" \/><\/figure>\n\n\n\n<div class=\"wp-block-group p-3\"><div class=\"wp-block-group__inner-container\">\n<p class=\"mb-0\">V\u00e1rias formas de dep\u00f3sito  e taxas razo\u00e1veis usando VISA\/MasterCard e Bitcoin<\/p>\n<\/div><\/div>\n<\/div><\/div>\n\n\t<\/div>\n\n\n\n<div class=\"col-12 col-md-6 mb-0\">\n\t\t\t\n\n<div class=\"wp-block-group border pg__media\"><div class=\"wp-block-group__inner-container\">\n<figure class=\"wp-block-image size-large p-3\"><img loading=\"lazy\" width=\"640\" height=\"640\" src=\"https:\/\/united-pay.net\/pt\/wp-content\/uploads\/2020\/09\/merchant005.png\" alt=\"\" class=\"wp-image-2565\" srcset=\"https:\/\/united-pay.net\/pt\/wp-content\/uploads\/2020\/09\/merchant005.png 640w, https:\/\/united-pay.net\/pt\/wp-content\/uploads\/2020\/09\/merchant005-320x320.png 320w\" sizes=\"(max-width: 640px) 100vw, 640px\" \/><\/figure>\n\n\n\n<div class=\"wp-block-group p-3\"><div class=\"wp-block-group__inner-container\">\n<p class=\"mb-0\">Para digital USD Merchant \u21d2 Transfer para  cliente 2% Cliente \u21d2 Membro  transfer taxa 2% <br><br>Para Crypto Member merchants \u21d2 1% taxa to customers Customer \u21d2 1% transfer fee for member merchant<\/p>\n<\/div><\/div>\n<\/div><\/div>\n\n\t<\/div>\n\n<\/div>\n\n<\/div>\n<\/div><\/div>\n","protected":false},"excerpt":{"rendered":"<p>Fornecimento de cart\u00f5es de d\u00e9bito e servi\u00e7os abrangentes que podem ser usados em todo o mundo pelos clientes United Pay V\u00e1rias formas de dep\u00f3sito e taxas razo\u00e1veis.Deposite na United Pay com taxas m\u00ednimas usando VISA\/MasterCard e Bitcoin Fornecimento de API conveniente e documentos de desenvolvimento f\u00e1ceis de usar V\u00e1rias formas de dep\u00f3sito e taxas razo\u00e1veis&hellip;<\/p>\n","protected":false},"author":2,"featured_media":0,"parent":0,"menu_order":40,"comment_status":"closed","ping_status":"closed","template":"page-fluid.php","meta":[],"_links":{"self":[{"href":"https:\/\/united-pay.net\/pt\/wp-json\/wp\/v2\/pages\/15"}],"collection":[{"href":"https:\/\/united-pay.net\/pt\/wp-json\/wp\/v2\/pages"}],"about":[{"href":"https:\/\/united-pay.net\/pt\/wp-json\/wp\/v2\/types\/page"}],"author":[{"embeddable":true,"href":"https:\/\/united-pay.net\/pt\/wp-json\/wp\/v2\/users\/2"}],"replies":[{"embeddable":true,"href":"https:\/\/united-pay.net\/pt\/wp-json\/wp\/v2\/comments?post=15"}],"version-history":[{"count":1,"href":"https:\/\/united-pay.net\/pt\/wp-json\/wp\/v2\/pages\/15\/revisions"}],"predecessor-version":[{"id":2706,"href":"https:\/\/united-pay.net\/pt\/wp-json\/wp\/v2\/pages\/15\/revisions\/2706"}],"wp:attachment":[{"href":"https:\/\/united-pay.net\/pt\/wp-json\/wp\/v2\/media?parent=15"}],"curies":[{"name":"wp","href":"https:\/\/api.w.org\/{rel}","templated":true}]}}