{"id":11,"date":"2020-08-03T17:35:00","date_gmt":"2020-08-03T08:35:00","guid":{"rendered":"https:\/\/united-pay.net\/pt\/?page_id=11"},"modified":"2020-11-15T02:00:07","modified_gmt":"2020-11-14T17:00:07","slug":"front-page","status":"publish","type":"page","link":"https:\/\/united-pay.net\/pt\/","title":{"rendered":"United Pay"},"content":{"rendered":"<div class=\"wp-bootstrap-blocks-container container mb-0\">\n\t\n<div class=\"d-flex align-items-center mt-4\">\r\n<div class=\"text-nowrap\">\r\n<h3 class=\"h6 my-0\">NEWS<\/h3>\r\n<\/div>\r\n<div class=\"flex-grow-1\" style=\"min-width:0%\">\r\n<div class=\"pg_swiper\" data-target=\"pg_news\" data-effect=\"fade\" data-xs=\"1\" data-sm=\"1\" data-md=\"1\" data-lg=\"1\"\r\ndata-xl=\"1\" data-pagination=\"false\" data-prevnext=\"false\" data-delay=\"10000\" data-speed=\"300\" data-centered=\"true\"><div class=\"swiper-container\" id=\"pg_news\"><div class=\"swiper-wrapper\">\r\n\r\n<div class=\"swiper-slide bg-white\">\r\n<a href=\"https:\/\/united-pay.net\/pt\/news\/hello\/\" class=\"btn btn-link btn-block text-left post_96 new\">\r\n<span class=\"d-md-flex align-center\">\r\n<span class=\"pg_post_on mr-2\"><time class=\"entry-date published updated\" datetime=\"2020-08-03T17:13:00+09:00\">2020-08-03<\/time><\/span>\r\n<span class=\"entry-title\">Website \u201cUnited Pay\u201d opened<\/span>\r\n<\/span>\r\n<\/a>\r\n<\/div><!-- .swiper-slide -->\r\n\r\n<\/div><!-- .swiper-wrapper --><\/div><!-- .swiper-container --><\/div><!-- .pg_swiper -->\r\n<\/div>\r\n<div class=\"text-nowrap ml-3\">\r\n<a class=\"btn btn-primary btn-sm\" href=\"https:\/\/united-pay.net\/pt\/category\/news\/\">more<\/a>\r\n<\/div>\r\n<\/div>\n\n<\/div>\n\n\n\n<div class=\"wp-block-group pg__sec pg__sec__front01 js__sr\"><div class=\"wp-block-group__inner-container\"><div class=\"wp-bootstrap-blocks-container container mb-0\">\n\t\n\n<h2 class=\"has-text-align-center mb-4\"><mark>Simples<\/mark> Fluxo de Remessa<\/h2>\n\n\n\n<p class=\"has-text-align-center mb-4\">com a United Pay, voc\u00ea pode enviar dinheiro de forma simples<\/p>\n\n\n<div class=\"wp-bootstrap-blocks-row row justify-content-center mb-4\">\n\t\n\n<div class=\"col-12 col-md-3\">\n\t\t\t\n\n<figure class=\"wp-block-image size-large pg__img__size__01 mx-auto\"><img loading=\"lazy\" width=\"640\" height=\"640\" src=\"https:\/\/united-pay.net\/pt\/wp-content\/uploads\/2020\/09\/top001.png\" alt=\"\" class=\"wp-image-2469\" srcset=\"https:\/\/united-pay.net\/pt\/wp-content\/uploads\/2020\/09\/top001.png 640w, https:\/\/united-pay.net\/pt\/wp-content\/uploads\/2020\/09\/top001-320x320.png 320w\" sizes=\"(max-width: 640px) 100vw, 640px\" \/><\/figure>\n\n\n\n<h6 class=\"has-text-align-center\">Abra sua conta <\/h6>\n\n\n\n<p class=\"has-text-align-center\">Sua conta \u00e9 aberta por um processo simples.<br>Gerencie de forma centralizada todos os seus dep\u00f3sitos e retiradas.<\/p>\n\n\t<\/div>\n\n\n\n<div class=\"col-12 align-self-center col-md-auto\">\n\t\t\t\n<div class=\"pg__arr__dn d-flex flex-column flex-md-row align-items-center\">\r\n<div class=\"flex-grow-1\"><\/div>\r\n<div>\r\n<img class=\"d-block d-md-none\" src=\"https:\/\/united-pay.net\/pt\/wp-content\/uploads\/2020\/07\/arr_dn.svg\" alt=\"\" \/>\r\n<img class=\"d-none d-md-block\" src=\"https:\/\/united-pay.net\/pt\/wp-content\/uploads\/2020\/07\/arr_r.svg\" alt=\"\" \/>\r\n<\/div>\r\n<\/div>\r\n<!-- .pg__arr__dn  -->\n\n\t<\/div>\n\n\n\n<div class=\"col-12 col-md-3\">\n\t\t\t\n\n<figure class=\"wp-block-image size-large pg__img__size__01 mx-auto\"><img loading=\"lazy\" width=\"640\" height=\"640\" src=\"https:\/\/united-pay.net\/pt\/wp-content\/uploads\/2020\/09\/top002.png\" alt=\"\" class=\"wp-image-2470\" srcset=\"https:\/\/united-pay.net\/pt\/wp-content\/uploads\/2020\/09\/top002.png 640w, https:\/\/united-pay.net\/pt\/wp-content\/uploads\/2020\/09\/top002-320x320.png 320w\" sizes=\"(max-width: 640px) 100vw, 640px\" \/><\/figure>\n\n\n\n<h6 class=\"has-text-align-center\"><strong>Deposite na conta<\/strong><\/h6>\n\n\n\n<p class=\"has-text-align-center\">Seguro, R\u00e1pido, Conveniente<br>Gest\u00e3o de Caixa<\/p>\n\n\t<\/div>\n\n\n\n<div class=\"col-12 align-self-center col-md-auto\">\n\t\t\t\n<div class=\"pg__arr__dn d-flex flex-column flex-md-row align-items-center\">\r\n<div class=\"flex-grow-1\"><\/div>\r\n<div>\r\n<img class=\"d-block d-md-none\" src=\"https:\/\/united-pay.net\/pt\/wp-content\/uploads\/2020\/07\/arr_dn.svg\" alt=\"\" \/>\r\n<img class=\"d-none d-md-block\" src=\"https:\/\/united-pay.net\/pt\/wp-content\/uploads\/2020\/07\/arr_r.svg\" alt=\"\" \/>\r\n<\/div>\r\n<\/div>\r\n<!-- .pg__arr__dn  -->\n\n\t<\/div>\n\n\n\n<div class=\"col-12 col-md-3\">\n\t\t\t\n\n<figure class=\"wp-block-image size-large pg__img__size__01 mx-auto\"><img loading=\"lazy\" width=\"640\" height=\"640\" src=\"https:\/\/united-pay.net\/pt\/wp-content\/uploads\/2020\/09\/top003.png\" alt=\"\" class=\"wp-image-2471\" srcset=\"https:\/\/united-pay.net\/pt\/wp-content\/uploads\/2020\/09\/top003.png 640w, https:\/\/united-pay.net\/pt\/wp-content\/uploads\/2020\/09\/top003-320x320.png 320w\" sizes=\"(max-width: 640px) 100vw, 640px\" \/><figcaption> <\/figcaption><\/figure>\n\n\n\n<h6 class=\"has-text-align-center\"><strong>Transfer\u00eancias<\/strong><\/h6>\n\n\n\n<p class=\"has-text-align-center\">Pagamentos instant\u00e2neos entre contas United Pay<br>Transfer\u00eancia de fundos para outros bancos com SWIFT<\/p>\n\n\t<\/div>\n\n<\/div>\n\n\n\n<div class=\"wp-block-buttons aligncenter\">\n<div class=\"wp-block-button is-style-fill\"><a class=\"wp-block-button__link has-text-color has-background\" href=\"https:\/\/united-pay.net\/pt\/about\/\" style=\"background-color:#fab117;color:#ffffff\" rel=\"\">Quem \u00e9 a United Pay<\/a><\/div>\n<\/div>\n\n<\/div>\n<\/div><\/div>\n\n\n\n<div class=\"wp-block-group pg__sec pg__sec__front02 bg-light js__sr\"><div class=\"wp-block-group__inner-container\"><div class=\"wp-bootstrap-blocks-container container mb-0\">\n\t\n<div class=\"wp-bootstrap-blocks-row row align-items-center\">\n\t\n\n<div class=\"col-12 col-md-6\">\n\t\t\t\n\n<figure class=\"wp-block-image size-large pg__img__size__card mx-auto\"><img loading=\"lazy\" width=\"1280\" height=\"843\" src=\"https:\/\/united-pay.net\/pt\/wp-content\/uploads\/2020\/09\/unitedpay_card-1280x843.png\" alt=\"\" class=\"wp-image-2467\" srcset=\"https:\/\/united-pay.net\/pt\/wp-content\/uploads\/2020\/09\/unitedpay_card-1280x843.png 1280w, https:\/\/united-pay.net\/pt\/wp-content\/uploads\/2020\/09\/unitedpay_card-640x422.png 640w, https:\/\/united-pay.net\/pt\/wp-content\/uploads\/2020\/09\/unitedpay_card-768x506.png 768w, https:\/\/united-pay.net\/pt\/wp-content\/uploads\/2020\/09\/unitedpay_card-1536x1012.png 1536w, https:\/\/united-pay.net\/pt\/wp-content\/uploads\/2020\/09\/unitedpay_card.png 1803w\" sizes=\"(max-width: 1280px) 100vw, 1280px\" \/><figcaption>\u3000<\/figcaption><\/figure>\n\n\t<\/div>\n\n\n\n<div class=\"col-12 col-md-6 text-center\">\n\t\t\t\n\n<h2 class=\"mb-4\"><mark>Cart\u00f5es United Pay<\/mark> podem ser usados no mundo inteiro<\/h2>\n\n\n\n<p>A remessa \u00e9 segura, r\u00e1pida e conveniente\u3000<br>Voc\u00ea pode enviar e receber fundos facilmente e com seguran\u00e7a, n\u00e3o importa onde voc\u00ea esteja.<\/p>\n\n\n<div class=\"wp-bootstrap-blocks-row row mt-4\">\n\t\n\n<div class=\"col-4\">\n\t\t\t\n\n<figure class=\"wp-block-image size-large pg__img__size__02 mx-auto\"><img loading=\"lazy\" width=\"640\" height=\"640\" src=\"https:\/\/united-pay.net\/pt\/wp-content\/uploads\/2020\/09\/top004.png\" alt=\"\" class=\"wp-image-2472\" srcset=\"https:\/\/united-pay.net\/pt\/wp-content\/uploads\/2020\/09\/top004.png 640w, https:\/\/united-pay.net\/pt\/wp-content\/uploads\/2020\/09\/top004-320x320.png 320w\" sizes=\"(max-width: 640px) 100vw, 640px\" \/><\/figure>\n\n\n\n<p class=\"has-text-align-center\">Para reserva de viagens<\/p>\n\n\t<\/div>\n\n\n\n<div class=\"col-4\">\n\t\t\t\n\n<figure class=\"wp-block-image size-large pg__img__size__02 mx-auto\"><img loading=\"lazy\" width=\"640\" height=\"640\" src=\"https:\/\/united-pay.net\/pt\/wp-content\/uploads\/2020\/09\/top005.png\" alt=\"\" class=\"wp-image-2473\" srcset=\"https:\/\/united-pay.net\/pt\/wp-content\/uploads\/2020\/09\/top005.png 640w, https:\/\/united-pay.net\/pt\/wp-content\/uploads\/2020\/09\/top005-320x320.png 320w\" sizes=\"(max-width: 640px) 100vw, 640px\" \/><\/figure>\n\n\n\n<p class=\"has-text-align-center\">Compras ao redor do mundo<\/p>\n\n\t<\/div>\n\n\n\n<div class=\"col-4\">\n\t\t\t\n\n<figure class=\"wp-block-image size-large pg__img__size__02 mx-auto\"><img loading=\"lazy\" width=\"640\" height=\"640\" src=\"https:\/\/united-pay.net\/pt\/wp-content\/uploads\/2020\/09\/top006.png\" alt=\"\" class=\"wp-image-2474\" srcset=\"https:\/\/united-pay.net\/pt\/wp-content\/uploads\/2020\/09\/top006.png 640w, https:\/\/united-pay.net\/pt\/wp-content\/uploads\/2020\/09\/top006-320x320.png 320w\" sizes=\"(max-width: 640px) 100vw, 640px\" \/><\/figure>\n\n\n\n<p class=\"has-text-align-center\">Saques em Caixas Eletr\u00f4nicos no mundo inteiro<\/p>\n\n\t<\/div>\n\n<\/div>\n\n\n\n<div class=\"wp-block-buttons mt-4\">\n<div class=\"wp-block-button\"><a class=\"wp-block-button__link has-text-color has-background\" href=\"https:\/\/united-pay.net\/pt\/card\/\" style=\"background-color:#fab117;color:#ffffff\">Cart\u00e3o United Pay<\/a><\/div>\n<\/div>\n\n\t<\/div>\n\n<\/div>\n\n<\/div>\n<\/div><\/div>\n\n\n\n<div class=\"wp-block-group pg__sec pg__sec__front04 js__sr\"><div class=\"wp-block-group__inner-container\"><div class=\"wp-bootstrap-blocks-container container mb-0\">\n\t\n<div class=\"wp-bootstrap-blocks-row row align-items-center\">\n\t\n\n<div class=\"col-12 col-md-5 order-md-1\">\n\t\t\t\n\n<figure class=\"wp-block-image size-large pg__img__size__card mx-auto\"><img loading=\"lazy\" width=\"640\" height=\"640\" src=\"https:\/\/united-pay.net\/pt\/wp-content\/uploads\/2020\/07\/img_front_sec04b.png\" alt=\"\" class=\"wp-image-1679\" srcset=\"https:\/\/united-pay.net\/pt\/wp-content\/uploads\/2020\/07\/img_front_sec04b.png 640w, https:\/\/united-pay.net\/pt\/wp-content\/uploads\/2020\/07\/img_front_sec04b-320x320.png 320w\" sizes=\"(max-width: 640px) 100vw, 640px\" \/><\/figure>\n\n\t<\/div>\n\n\n\n<div class=\"col-12 col-md-7 order-md-0 text-center\">\n\t\t\t\n\n<h2 class=\"mb-4\"><mark>Conta de Pagamentos<\/mark> Benef\u00edcios<\/h2>\n\n\n\n<h5>Tarifas baixas<\/h5>\n\n\n\n<p class=\"mb-4\">Voc\u00ea pode fazer pagamentos facilmente com seu endere\u00e7o de e-mail e senha.<\/p>\n\n\n\n<h5>Sem risco de estorno<\/h5>\n\n\n\n<p class=\"mb-4\">Negociar fundos coma  a United Pay \u00e9  100% seguro.<\/p>\n\n\n\n<h5>Fun\u00e7\u00e3o de transfer\u00eancia autom\u00e1tica<\/h5>\n\n\n\n<p>Os comerciantes (lojas associadas) podem transferir fundos automaticamente usando a fun\u00e7\u00e3o de transfer\u00eancia autom\u00e1tica.<\/p>\n\n\n\n<div class=\"wp-block-buttons mt-4\">\n<div class=\"wp-block-button\"><a class=\"wp-block-button__link has-text-color has-background\" href=\"https:\/\/united-pay.net\/pt\/merchant\/\" style=\"background-color:#fab117;color:#ffffff\">Conta Comerciante<\/a><\/div>\n<\/div>\n\n\t<\/div>\n\n<\/div>\n\n<\/div>\n<\/div><\/div>\n\n\n\n<div class=\"wp-block-group pg__sec pg__sec__front05 bg-light js__sr\"><div class=\"wp-block-group__inner-container\"><div class=\"wp-bootstrap-blocks-container container mb-2\">\n\t\n\n<h2 class=\"has-text-align-center mb-4\">United Pay <mark>Column<\/mark><\/h2>\n\n\n\n<p class=\"has-text-align-center mb-4\">Uma coluna que apresenta novos recursos, uso conveniente, relat\u00f3rio de eventos, etc. da United Pay<\/p>\n\n\n<div class=\"row\">\r\n\r\n<\/div>\n\n\n\n<div class=\"wp-block-buttons aligncenter\">\n<div class=\"wp-block-button\"><a class=\"wp-block-button__link has-text-color has-background\" href=\"https:\/\/united-pay.net\/pt\/category\/column\/\" style=\"background-color:#fab117;color:#ffffff\">United Pay Column<\/a><\/div>\n<\/div>\n\n<\/div>\n<\/div><\/div>\n","protected":false},"excerpt":{"rendered":"<p>Simples Fluxo de Remessa com a United Pay, voc\u00ea pode enviar dinheiro de forma simples Abra sua conta Sua conta \u00e9 aberta por um processo simples.Gerencie de forma centralizada todos os seus dep\u00f3sitos e retiradas. Deposite na conta Seguro, R\u00e1pido, ConvenienteGest\u00e3o de Caixa Transfer\u00eancias Pagamentos instant\u00e2neos entre contas United PayTransfer\u00eancia de fundos para outros bancos&hellip;<\/p>\n","protected":false},"author":2,"featured_media":0,"parent":0,"menu_order":10,"comment_status":"closed","ping_status":"closed","template":"page-fluid.php","meta":[],"_links":{"self":[{"href":"https:\/\/united-pay.net\/pt\/wp-json\/wp\/v2\/pages\/11"}],"collection":[{"href":"https:\/\/united-pay.net\/pt\/wp-json\/wp\/v2\/pages"}],"about":[{"href":"https:\/\/united-pay.net\/pt\/wp-json\/wp\/v2\/types\/page"}],"author":[{"embeddable":true,"href":"https:\/\/united-pay.net\/pt\/wp-json\/wp\/v2\/users\/2"}],"replies":[{"embeddable":true,"href":"https:\/\/united-pay.net\/pt\/wp-json\/wp\/v2\/comments?post=11"}],"version-history":[{"count":3,"href":"https:\/\/united-pay.net\/pt\/wp-json\/wp\/v2\/pages\/11\/revisions"}],"predecessor-version":[{"id":2701,"href":"https:\/\/united-pay.net\/pt\/wp-json\/wp\/v2\/pages\/11\/revisions\/2701"}],"wp:attachment":[{"href":"https:\/\/united-pay.net\/pt\/wp-json\/wp\/v2\/media?parent=11"}],"curies":[{"name":"wp","href":"https:\/\/api.w.org\/{rel}","templated":true}]}}